{"id":106,"date":"2021-06-10T14:29:34","date_gmt":"2021-06-10T14:29:34","guid":{"rendered":"https:\/\/dev.markme.pl\/sarracenia\/?page_id=106"},"modified":"2022-09-06T08:44:43","modified_gmt":"2022-09-06T08:44:43","slug":"kontakt","status":"publish","type":"page","link":"https:\/\/www.sarracenia.pl\/en\/kontakt\/","title":{"rendered":"Contact us"},"content":{"rendered":"<div data-elementor-type=\"wp-page\" data-elementor-id=\"106\" class=\"elementor elementor-106\">\n\t\t\t\t\t\t\t\t\t<section class=\"elementor-section elementor-top-section elementor-element elementor-element-9ezn59l elementor-section-content-top elementor-section-boxed elementor-section-height-default elementor-section-height-default\" data-id=\"9ezn59l\" data-element_type=\"section\" data-settings=\"{&quot;background_background&quot;:&quot;classic&quot;}\">\n\t\t\t\t\t\t\t<div class=\"elementor-background-overlay\"><\/div>\n\t\t\t\t\t\t\t<div class=\"elementor-container elementor-column-gap-no\">\n\t\t\t\t\t<div class=\"elementor-column elementor-col-100 elementor-top-column elementor-element elementor-element-36e7ccd\" data-id=\"36e7ccd\" data-element_type=\"column\">\n\t\t\t<div class=\"elementor-widget-wrap elementor-element-populated\">\n\t\t\t\t\t\t\t\t<div class=\"elementor-element elementor-element-e729a4a elementor-widget elementor-widget-heading\" data-id=\"e729a4a\" data-element_type=\"widget\" data-widget_type=\"heading.default\">\n\t\t\t\t<div class=\"elementor-widget-container\">\n\t\t\t<h5 class=\"elementor-heading-title elementor-size-medium\">Kennel Sarracenia<br><br>\nAnna Krzemi\u0144ska-\u017buk &amp; Jaros\u0142aw \u017buk<\/h5>\t\t<\/div>\n\t\t\t\t<\/div>\n\t\t\t\t<div class=\"elementor-element elementor-element-da92b05 elementor-widget elementor-widget-image\" data-id=\"da92b05\" data-element_type=\"widget\" data-widget_type=\"image.default\">\n\t\t\t\t<div class=\"elementor-widget-container\">\n\t\t\t\t\t\t\t\t\t\t\t\t\t\t\t<img width=\"726\" height=\"482\" src=\"https:\/\/www.sarracenia.pl\/wp-content\/uploads\/2022\/02\/MY.jpg\" class=\"attachment-full size-full\" alt=\"\" loading=\"lazy\" srcset=\"https:\/\/www.sarracenia.pl\/wp-content\/uploads\/2022\/02\/MY.jpg 726w, https:\/\/www.sarracenia.pl\/wp-content\/uploads\/2022\/02\/MY-300x199.jpg 300w, https:\/\/www.sarracenia.pl\/wp-content\/uploads\/2022\/02\/MY-16x12.jpg 16w\" sizes=\"(max-width: 726px) 100vw, 726px\" \/>\t\t\t\t\t\t\t\t\t\t\t\t\t\t\t<\/div>\n\t\t\t\t<\/div>\n\t\t\t\t<div class=\"elementor-element elementor-element-610fe6f elementor-hidden-desktop elementor-hidden-tablet elementor-hidden-phone elementor-widget elementor-widget-text-editor\" data-id=\"610fe6f\" data-element_type=\"widget\" data-widget_type=\"text-editor.default\">\n\t\t\t\t<div class=\"elementor-widget-container\">\n\t\t\t\t\t\t\t<p>We are members of <strong>ZKwP\/FCI<\/strong> - Kennel club in Poland<br \/>ZKwP jest jedyn\u0105 polsk\u0105 organizacj\u0105 b\u0119d\u0105c\u0105 cz\u0142onkiem <strong>FCI<\/strong> &#8211;<br \/>F\u00e9d\u00e9ration Cynologique Internationale czyli Mi\u0119dzynarodowej Federacji Kynologicznej.<\/p>\t\t\t\t\t\t<\/div>\n\t\t\t\t<\/div>\n\t\t\t\t\t<\/div>\n\t\t<\/div>\n\t\t\t\t\t\t\t<\/div>\n\t\t<\/section>\n\t\t\t\t<section class=\"elementor-section elementor-top-section elementor-element elementor-element-be3280b elementor-hidden-desktop elementor-hidden-tablet elementor-hidden-phone elementor-section-boxed elementor-section-height-default elementor-section-height-default\" data-id=\"be3280b\" data-element_type=\"section\">\n\t\t\t\t\t\t<div class=\"elementor-container elementor-column-gap-default\">\n\t\t\t\t\t<div class=\"elementor-column elementor-col-100 elementor-top-column elementor-element elementor-element-3e270e1\" data-id=\"3e270e1\" data-element_type=\"column\">\n\t\t\t<div class=\"elementor-widget-wrap elementor-element-populated\">\n\t\t\t\t\t\t\t\t<div class=\"elementor-element elementor-element-7067afe fluent-form-widget-step-header-yes fluent-form-widget-step-progressbar-yes fluentform-widget-submit-button-custom elementor-widget elementor-widget-fluent-form-widget\" data-id=\"7067afe\" data-element_type=\"widget\" data-widget_type=\"fluent-form-widget.default\">\n\t\t\t\t<div class=\"elementor-widget-container\">\n\t\t\t\n            <div class=\"fluentform-widget-wrapper fluentform-widget-align-default\">\n\n                \n                <div class='fluentform fluentform_wrapper_1'><form data-form_id=\"1\" id=\"fluentform_1\" class=\"frm-fluent-form fluent_form_1 ff-el-form-top ff_form_instance_1_1 ff-form-loading\" data-form_instance=\"ff_form_instance_1_1\" method=\"POST\" action=\"\" ><input type='hidden' name='__fluent_form_embded_post_id' value='106' \/><input type=\"hidden\" id=\"_fluentform_1_fluentformnonce\" name=\"_fluentform_1_fluentformnonce\" value=\"a6683b27fd\" \/><input type=\"hidden\" name=\"_wp_http_referer\" value=\"\/en\/wp-json\/wp\/v2\/pages\/106\" \/><div data-type=\"name-element\" data-name=\"names\" class=\"ff-field_container ff-name-field-wrapper\" ><div class='ff-t-container'><div class='ff-t-cell'><div class='ff-el-group'><div class='ff-el-input--label asterisk-right'><label for='ff_1_names_first_name_'>Imi\u0119<\/label> <\/div><div class='ff-el-input--content'><input type=\"text\" name=\"names[first_name]\" id=\"ff_1_names_first_name_\" class=\"ff-el-form-control\" ><\/div><\/div><\/div><\/div><\/div><div data-name=\"ff_cn_id_1\"  class='ff-t-container ff-column-container ff_columns_total_2'><div class='ff-t-cell ff-t-column-1'><div class='ff-el-group'><div class='ff-el-input--label ff-el-is-required asterisk-right'><label for='ff_1_email'>Email<\/label> <\/div><div class='ff-el-input--content'><input type=\"email\" name=\"email\" id=\"ff_1_email\" class=\"ff-el-form-control\" placeholder=\"Tw\u00f3j adres email\" data-name=\"email\" ><\/div><\/div><\/div><div class='ff-t-cell ff-t-column-2'><div class='ff-el-group'><div class='ff-el-input--label asterisk-right'><label for='ff_1_phone'>Telefon<\/label> <\/div><div class='ff-el-input--content'><input name=\"phone\" class=\"ff-el-form-control ff-el-phone ff_el_with_extended_validation\" type=\"tel\" placeholder=\"Numer kontaktowy\" data-name=\"phone\" id=\"ff_1_phone\" inputmode=\"tel\" ><\/div><\/div><\/div><\/div><div class='ff-el-group'><div class='ff-el-input--label asterisk-right'><label for='ff_1_subject'>Temat wiadomo\u015bci<\/label> <\/div><div class='ff-el-input--content'><input type=\"text\" name=\"subject\" class=\"ff-el-form-control\" data-name=\"subject\" id=\"ff_1_subject\" ><\/div><\/div><div class='ff-el-group'><div class='ff-el-input--label ff-el-is-required asterisk-right'><label for='ff_1_message'>Tre\u015b\u0107<\/label> <\/div><div class='ff-el-input--content'><textarea name=\"message\" id=\"ff_1_message\" class=\"ff-el-form-control\" placeholder=\"Twoja wiadomo\u015b\u0107\" rows=\"4\" cols=\"2\" data-name=\"message\" ><\/textarea><\/div><\/div><div class='ff-el-group    ff-el-input--content'><div class='ff-el-form-check ff-el-tc'><label class='ff-el-form-check-label ff_tc_label' for=\"gdpr-agreement_0322b0cd6b69eadcf80136b07bff19de\"><span class='ff_tc_checkbox'><input type=\"checkbox\" name=\"gdpr-agreement\" class=\"ff-el-form-check-input ff_gdpr_field\" data-name=\"gdpr-agreement\" id=\"gdpr-agreement_0322b0cd6b69eadcf80136b07bff19de\"  value='on'><\/span> <div class='ff_t_c'>Zgadzam si\u0119 na przetwarzanie moich danych osobowych w celu udzielenia odpowiedzi na wiadomo\u015b\u0107<\/div><\/label><\/div><\/div><div class='ff-el-group ff-text-left ff_submit_btn_wrapper'><button type=\"submit\" class=\"ff-btn ff-btn-submit ff-btn-md ff_btn_style\" >Wy\u015blij wiadomo\u015b\u0107<\/button><\/div><input type=\"hidden\" name=\"trp-form-language\" value=\"en\"\/><\/form><div id='fluentform_1_errors' class='ff-errors-in-stack ff_form_instance_1_1 ff-form-loading_errors ff_form_instance_1_1_errors'><\/div><\/div>        <script type=\"text\/javascript\">\n            window.fluent_form_ff_form_instance_1_1 = {\"id\":\"1\",\"settings\":{\"layout\":{\"labelPlacement\":\"top\",\"helpMessagePlacement\":\"with_label\",\"errorMessagePlacement\":\"inline\",\"asteriskPlacement\":\"asterisk-right\"},\"id\":\"39\",\"restrictions\":{\"denyEmptySubmission\":{\"enabled\":false}}},\"form_instance\":\"ff_form_instance_1_1\",\"form_id_selector\":\"fluentform_1\",\"rules\":{\"names[first_name]\":{\"required\":{\"value\":false,\"message\":\"This field is required\"}},\"names[middle_name]\":{\"required\":{\"value\":false,\"message\":\"This field is required\"}},\"names[last_name]\":{\"required\":{\"value\":false,\"message\":\"This field is required\"}},\"email\":{\"required\":{\"value\":true,\"message\":\"This field is required\"},\"email\":{\"value\":true,\"message\":\"This field must contain a valid email\"}},\"phone\":{\"required\":{\"value\":false,\"message\":\"This field is required\"},\"valid_phone_number\":{\"value\":false,\"message\":\"Phone number is not valid\"}},\"subject\":{\"required\":{\"value\":false,\"message\":\"This field is required\"}},\"message\":{\"required\":{\"value\":true,\"message\":\"This field is required\"}},\"gdpr-agreement\":{\"required\":{\"value\":true,\"message\":\"Zaznaczenie zgody jest wymagane\"}}}};\n                    <\/script>\n                    <\/div>\n\n            \t\t<\/div>\n\t\t\t\t<\/div>\n\t\t\t\t\t<\/div>\n\t\t<\/div>\n\t\t\t\t\t\t\t<\/div>\n\t\t<\/section>\n\t\t\t\t\t\t\t<\/div>","protected":false},"excerpt":{"rendered":"<p>Hodowla Sarracenia Anna Krzemi\u0144ska-\u017buk &amp; Jaros\u0142aw \u017buk Jeste\u015bmy cz\u0142onkami ZKwP &#8211; Zwi\u0105zku Kynologicznego w Polsce.ZKwP jest jedyn\u0105 polsk\u0105 organizacj\u0105 b\u0119d\u0105c\u0105 cz\u0142onkiem FCI &#8211;F\u00e9d\u00e9ration Cynologique Internationale czyli Mi\u0119dzynarodowej Federacji Kynologicznej. Imi\u0119 Email Telefon Temat wiadomo\u015bci Tre\u015b\u0107 Zgadzam si\u0119 na przetwarzanie moich danych osobowych w celu udzielenia odpowiedzi na wiadomo\u015b\u0107Wy\u015blij wiadomo\u015b\u0107<\/p>","protected":false},"author":1,"featured_media":0,"parent":0,"menu_order":0,"comment_status":"closed","ping_status":"closed","template":"","meta":[],"_links":{"self":[{"href":"https:\/\/www.sarracenia.pl\/en\/wp-json\/wp\/v2\/pages\/106"}],"collection":[{"href":"https:\/\/www.sarracenia.pl\/en\/wp-json\/wp\/v2\/pages"}],"about":[{"href":"https:\/\/www.sarracenia.pl\/en\/wp-json\/wp\/v2\/types\/page"}],"author":[{"embeddable":true,"href":"https:\/\/www.sarracenia.pl\/en\/wp-json\/wp\/v2\/users\/1"}],"replies":[{"embeddable":true,"href":"https:\/\/www.sarracenia.pl\/en\/wp-json\/wp\/v2\/comments?post=106"}],"version-history":[{"count":51,"href":"https:\/\/www.sarracenia.pl\/en\/wp-json\/wp\/v2\/pages\/106\/revisions"}],"predecessor-version":[{"id":3709,"href":"https:\/\/www.sarracenia.pl\/en\/wp-json\/wp\/v2\/pages\/106\/revisions\/3709"}],"wp:attachment":[{"href":"https:\/\/www.sarracenia.pl\/en\/wp-json\/wp\/v2\/media?parent=106"}],"curies":[{"name":"wp","href":"https:\/\/api.w.org\/{rel}","templated":true}]}}