{"id":122,"date":"2021-06-10T15:01:14","date_gmt":"2021-06-10T15:01:14","guid":{"rendered":"https:\/\/dev.markme.pl\/sarracenia\/?page_id=122"},"modified":"2021-06-25T12:46:22","modified_gmt":"2021-06-25T12:46:22","slug":"historia","status":"publish","type":"page","link":"https:\/\/www.sarracenia.pl\/en\/historia\/","title":{"rendered":"History"},"content":{"rendered":"<div data-elementor-type=\"wp-page\" data-elementor-id=\"122\" class=\"elementor elementor-122\">\n\t\t\t\t\t\t\t\t\t<section class=\"elementor-section elementor-top-section elementor-element elementor-element-cov6d68 elementor-section-boxed elementor-section-height-default elementor-section-height-default\" data-id=\"cov6d68\" data-element_type=\"section\">\n\t\t\t\t\t\t<div class=\"elementor-container elementor-column-gap-default\">\n\t\t\t\t\t<div class=\"elementor-column elementor-col-100 elementor-top-column elementor-element elementor-element-e227f73\" data-id=\"e227f73\" data-element_type=\"column\">\n\t\t\t<div class=\"elementor-widget-wrap elementor-element-populated\">\n\t\t\t\t\t\t\t\t<div class=\"elementor-element elementor-element-8e13607 elementor-widget elementor-widget-image\" data-id=\"8e13607\" data-element_type=\"widget\" data-widget_type=\"image.default\">\n\t\t\t\t<div class=\"elementor-widget-container\">\n\t\t\t\t\t\t\t\t\t\t\t\t\t\t\t<img width=\"108\" height=\"83\" src=\"https:\/\/www.sarracenia.pl\/wp-content\/uploads\/2021\/06\/LABRADOR11_7.png\" class=\"attachment-large size-large\" alt=\"\" loading=\"lazy\" srcset=\"https:\/\/www.sarracenia.pl\/wp-content\/uploads\/2021\/06\/LABRADOR11_7.png 108w, https:\/\/www.sarracenia.pl\/wp-content\/uploads\/2021\/06\/LABRADOR11_7-16x12.png 16w\" sizes=\"(max-width: 108px) 100vw, 108px\" \/>\t\t\t\t\t\t\t\t\t\t\t\t\t\t\t<\/div>\n\t\t\t\t<\/div>\n\t\t\t\t<div class=\"elementor-element elementor-element-3d7c9fc elementor-widget elementor-widget-heading\" data-id=\"3d7c9fc\" data-element_type=\"widget\" data-widget_type=\"heading.default\">\n\t\t\t\t<div class=\"elementor-widget-container\">\n\t\t\t<h2 class=\"elementor-heading-title elementor-size-default\">History<\/h2>\t\t<\/div>\n\t\t\t\t<\/div>\n\t\t\t\t<div class=\"elementor-element elementor-element-b7dd96d elementor-widget-divider--view-line_text elementor-widget-divider--element-align-center elementor-widget elementor-widget-divider\" data-id=\"b7dd96d\" data-element_type=\"widget\" data-widget_type=\"divider.default\">\n\t\t\t\t<div class=\"elementor-widget-container\">\n\t\t\t\t\t<div class=\"elementor-divider\">\n\t\t\t<span class=\"elementor-divider-separator\">\n\t\t\t\t\t\t\t<span class=\"elementor-divider__text elementor-divider__element\">\n\t\t\t\tGot to know us bultery\t\t\t\t<\/span>\n\t\t\t\t\t\t<\/span>\n\t\t<\/div>\n\t\t\t\t<\/div>\n\t\t\t\t<\/div>\n\t\t\t\t\t<\/div>\n\t\t<\/div>\n\t\t\t\t\t\t\t<\/div>\n\t\t<\/section>\n\t\t\t\t<section class=\"elementor-section elementor-top-section elementor-element elementor-element-28509215 elementor-section-boxed elementor-section-height-default elementor-section-height-default\" data-id=\"28509215\" data-element_type=\"section\">\n\t\t\t\t\t\t<div class=\"elementor-container elementor-column-gap-default\">\n\t\t\t\t\t<div class=\"elementor-column elementor-col-50 elementor-top-column elementor-element elementor-element-5a88b707\" data-id=\"5a88b707\" data-element_type=\"column\">\n\t\t\t<div class=\"elementor-widget-wrap elementor-element-populated\">\n\t\t\t\t\t\t\t\t<div class=\"elementor-element elementor-element-6cdd20dd elementor-widget elementor-widget-image\" data-id=\"6cdd20dd\" data-element_type=\"widget\" data-widget_type=\"image.default\">\n\t\t\t\t<div class=\"elementor-widget-container\">\n\t\t\t\t\t\t\t\t\t\t\t\t\t\t\t<img width=\"350\" height=\"263\" src=\"https:\/\/www.sarracenia.pl\/wp-content\/uploads\/2021\/06\/hist-1.jpg\" class=\"attachment-large size-large\" alt=\"\" loading=\"lazy\" srcset=\"https:\/\/www.sarracenia.pl\/wp-content\/uploads\/2021\/06\/hist-1.jpg 350w, https:\/\/www.sarracenia.pl\/wp-content\/uploads\/2021\/06\/hist-1-300x225.jpg 300w, https:\/\/www.sarracenia.pl\/wp-content\/uploads\/2021\/06\/hist-1-16x12.jpg 16w\" sizes=\"(max-width: 350px) 100vw, 350px\" \/>\t\t\t\t\t\t\t\t\t\t\t\t\t\t\t<\/div>\n\t\t\t\t<\/div>\n\t\t\t\t<div class=\"elementor-element elementor-element-56144182 elementor-widget elementor-widget-spacer\" data-id=\"56144182\" data-element_type=\"widget\" data-widget_type=\"spacer.default\">\n\t\t\t\t<div class=\"elementor-widget-container\">\n\t\t\t\t\t<div class=\"elementor-spacer\">\n\t\t\t<div class=\"elementor-spacer-inner\"><\/div>\n\t\t<\/div>\n\t\t\t\t<\/div>\n\t\t\t\t<\/div>\n\t\t\t\t<div class=\"elementor-element elementor-element-11973ad1 elementor-widget elementor-widget-text-editor\" data-id=\"11973ad1\" data-element_type=\"widget\" data-widget_type=\"text-editor.default\">\n\t\t\t\t<div class=\"elementor-widget-container\">\n\t\t\t\t\t\t\t<p><br \/>In the spring of 1994, Bubu died in a car accident. Her place was taken by a young bulterierka Tarantella Ensemble, which was also named Bubu. At the same time, the Scottish EGON Breneka terrier came to our house for us (Fred).<\/p>\t\t\t\t\t\t<\/div>\n\t\t\t\t<\/div>\n\t\t\t\t\t<\/div>\n\t\t<\/div>\n\t\t\t\t<div class=\"elementor-column elementor-col-50 elementor-top-column elementor-element elementor-element-3b28705e\" data-id=\"3b28705e\" data-element_type=\"column\">\n\t\t\t<div class=\"elementor-widget-wrap elementor-element-populated\">\n\t\t\t\t\t\t\t\t<div class=\"elementor-element elementor-element-497a6f31 elementor-widget elementor-widget-text-editor\" data-id=\"497a6f31\" data-element_type=\"widget\" data-widget_type=\"text-editor.default\">\n\t\t\t\t<div class=\"elementor-widget-container\">\n\t\t\t\t\t\t\t<p>In 1992, while still in the V year of study (AR in Poznan) I bought a three-color bulterierk\u0119 Kajd\u0119 (ARNA Hebereks). He was my first good dog. Before her in her native home, her life partner was kundelka.<\/p><p>While walking with Kajd\u0105, I met Yarda, also the owner of bulterierki-pr\u0119gowanej Bubu (BUBU Bonis Avibus). We got married in 1993. The four of us lived together in Pozna\u0144.<\/p>\t\t\t\t\t\t<\/div>\n\t\t\t\t<\/div>\n\t\t\t\t<div class=\"elementor-element elementor-element-75e578ff elementor-widget elementor-widget-spacer\" data-id=\"75e578ff\" data-element_type=\"widget\" data-widget_type=\"spacer.default\">\n\t\t\t\t<div class=\"elementor-widget-container\">\n\t\t\t\t\t<div class=\"elementor-spacer\">\n\t\t\t<div class=\"elementor-spacer-inner\"><\/div>\n\t\t<\/div>\n\t\t\t\t<\/div>\n\t\t\t\t<\/div>\n\t\t\t\t<div class=\"elementor-element elementor-element-6d392ed elementor-widget elementor-widget-image\" data-id=\"6d392ed\" data-element_type=\"widget\" data-widget_type=\"image.default\">\n\t\t\t\t<div class=\"elementor-widget-container\">\n\t\t\t\t\t\t\t\t\t\t\t\t\t\t\t<img width=\"350\" height=\"263\" src=\"https:\/\/www.sarracenia.pl\/wp-content\/uploads\/2021\/06\/hist-2.jpg\" class=\"attachment-large size-large\" alt=\"\" loading=\"lazy\" srcset=\"https:\/\/www.sarracenia.pl\/wp-content\/uploads\/2021\/06\/hist-2.jpg 350w, https:\/\/www.sarracenia.pl\/wp-content\/uploads\/2021\/06\/hist-2-300x225.jpg 300w, https:\/\/www.sarracenia.pl\/wp-content\/uploads\/2021\/06\/hist-2-16x12.jpg 16w\" sizes=\"(max-width: 350px) 100vw, 350px\" \/>\t\t\t\t\t\t\t\t\t\t\t\t\t\t\t<\/div>\n\t\t\t\t<\/div>\n\t\t\t\t\t<\/div>\n\t\t<\/div>\n\t\t\t\t\t\t\t<\/div>\n\t\t<\/section>\n\t\t\t\t<section class=\"elementor-section elementor-top-section elementor-element elementor-element-5d82f35 elementor-section-boxed elementor-section-height-default elementor-section-height-default\" data-id=\"5d82f35\" data-element_type=\"section\">\n\t\t\t\t\t\t<div class=\"elementor-container elementor-column-gap-default\">\n\t\t\t\t\t<div class=\"elementor-column elementor-col-100 elementor-top-column elementor-element elementor-element-98a3418\" data-id=\"98a3418\" data-element_type=\"column\">\n\t\t\t<div class=\"elementor-widget-wrap elementor-element-populated\">\n\t\t\t\t\t\t\t\t<div class=\"elementor-element elementor-element-26b931a elementor-widget-divider--view-line_text elementor-widget-divider--element-align-center elementor-widget elementor-widget-divider\" data-id=\"26b931a\" data-element_type=\"widget\" data-widget_type=\"divider.default\">\n\t\t\t\t<div class=\"elementor-widget-container\">\n\t\t\t\t\t<div class=\"elementor-divider\">\n\t\t\t<span class=\"elementor-divider-separator\">\n\t\t\t\t\t\t\t<span class=\"elementor-divider__text elementor-divider__element\">\n\t\t\t\tKa\u017cmierz\t\t\t\t<\/span>\n\t\t\t\t\t\t<\/span>\n\t\t<\/div>\n\t\t\t\t<\/div>\n\t\t\t\t<\/div>\n\t\t\t\t\t<\/div>\n\t\t<\/div>\n\t\t\t\t\t\t\t<\/div>\n\t\t<\/section>\n\t\t\t\t<section class=\"elementor-section elementor-top-section elementor-element elementor-element-dcff2cf elementor-section-boxed elementor-section-height-default elementor-section-height-default\" data-id=\"dcff2cf\" data-element_type=\"section\">\n\t\t\t\t\t\t<div class=\"elementor-container elementor-column-gap-default\">\n\t\t\t\t\t<div class=\"elementor-column elementor-col-50 elementor-top-column elementor-element elementor-element-fe823a8\" data-id=\"fe823a8\" data-element_type=\"column\">\n\t\t\t<div class=\"elementor-widget-wrap elementor-element-populated\">\n\t\t\t\t\t\t\t\t<div class=\"elementor-element elementor-element-d10bdbe elementor-widget elementor-widget-image\" data-id=\"d10bdbe\" data-element_type=\"widget\" data-widget_type=\"image.default\">\n\t\t\t\t<div class=\"elementor-widget-container\">\n\t\t\t\t\t\t\t\t\t\t\t\t\t\t\t<img width=\"350\" height=\"263\" src=\"https:\/\/www.sarracenia.pl\/wp-content\/uploads\/2021\/06\/hist-5.jpg\" class=\"attachment-large size-large\" alt=\"\" loading=\"lazy\" srcset=\"https:\/\/www.sarracenia.pl\/wp-content\/uploads\/2021\/06\/hist-5.jpg 350w, https:\/\/www.sarracenia.pl\/wp-content\/uploads\/2021\/06\/hist-5-300x225.jpg 300w, https:\/\/www.sarracenia.pl\/wp-content\/uploads\/2021\/06\/hist-5-16x12.jpg 16w\" sizes=\"(max-width: 350px) 100vw, 350px\" \/>\t\t\t\t\t\t\t\t\t\t\t\t\t\t\t<\/div>\n\t\t\t\t<\/div>\n\t\t\t\t<div class=\"elementor-element elementor-element-1894946 elementor-widget elementor-widget-spacer\" data-id=\"1894946\" data-element_type=\"widget\" data-widget_type=\"spacer.default\">\n\t\t\t\t<div class=\"elementor-widget-container\">\n\t\t\t\t\t<div class=\"elementor-spacer\">\n\t\t\t<div class=\"elementor-spacer-inner\"><\/div>\n\t\t<\/div>\n\t\t\t\t<\/div>\n\t\t\t\t<\/div>\n\t\t\t\t<div class=\"elementor-element elementor-element-37ec17f elementor-widget elementor-widget-text-editor\" data-id=\"37ec17f\" data-element_type=\"widget\" data-widget_type=\"text-editor.default\">\n\t\t\t\t<div class=\"elementor-widget-container\">\n\t\t\t\t\t\t\t<p>An apartment in the country has a lot of advantages (and one main drawback of which is to get to work). Here odchowanie even liczniejszego bedding is much easier, and our dogs do not interfere with anyone. Here you can also think about real breeding, that is, make plans for progress in subsequent generations (LIMBY&#039;s grandchildren are already running around the house \u2013 the second generation with the pseudonym Sarracenia). Of course, all this is on our tiny scale. The conditions of the area allowed us to have another pleasure - the presence of goats. We have three dairy goats and one African pine.<\/p>\t\t\t\t\t\t<\/div>\n\t\t\t\t<\/div>\n\t\t\t\t\t<\/div>\n\t\t<\/div>\n\t\t\t\t<div class=\"elementor-column elementor-col-50 elementor-top-column elementor-element elementor-element-0e5fc04\" data-id=\"0e5fc04\" data-element_type=\"column\">\n\t\t\t<div class=\"elementor-widget-wrap elementor-element-populated\">\n\t\t\t\t\t\t\t\t<div class=\"elementor-element elementor-element-7af9428 elementor-widget elementor-widget-text-editor\" data-id=\"7af9428\" data-element_type=\"widget\" data-widget_type=\"text-editor.default\">\n\t\t\t\t<div class=\"elementor-widget-container\">\n\t\t\t\t\t\t\t<p>After spending time on the village (European cedar has already managed to grow), we decided on the next dog-foksterierk\u0119 g\u0142adkow\u0142osa (ExSentia ON EVERYTHING), which we named Reksio. Unfortunately, a poorly diagnosed illness took him away at the age of less than two years.<\/p>\t\t\t\t\t\t<\/div>\n\t\t\t\t<\/div>\n\t\t\t\t<div class=\"elementor-element elementor-element-fed0af1 elementor-widget elementor-widget-spacer\" data-id=\"fed0af1\" data-element_type=\"widget\" data-widget_type=\"spacer.default\">\n\t\t\t\t<div class=\"elementor-widget-container\">\n\t\t\t\t\t<div class=\"elementor-spacer\">\n\t\t\t<div class=\"elementor-spacer-inner\"><\/div>\n\t\t<\/div>\n\t\t\t\t<\/div>\n\t\t\t\t<\/div>\n\t\t\t\t<div class=\"elementor-element elementor-element-b57e4a6 elementor-widget elementor-widget-image\" data-id=\"b57e4a6\" data-element_type=\"widget\" data-widget_type=\"image.default\">\n\t\t\t\t<div class=\"elementor-widget-container\">\n\t\t\t\t\t\t\t\t\t\t\t\t\t\t\t<img width=\"350\" height=\"263\" src=\"https:\/\/www.sarracenia.pl\/wp-content\/uploads\/2021\/06\/hist-6.jpg\" class=\"attachment-large size-large\" alt=\"\" loading=\"lazy\" srcset=\"https:\/\/www.sarracenia.pl\/wp-content\/uploads\/2021\/06\/hist-6.jpg 350w, https:\/\/www.sarracenia.pl\/wp-content\/uploads\/2021\/06\/hist-6-300x225.jpg 300w, https:\/\/www.sarracenia.pl\/wp-content\/uploads\/2021\/06\/hist-6-16x12.jpg 16w\" sizes=\"(max-width: 350px) 100vw, 350px\" \/>\t\t\t\t\t\t\t\t\t\t\t\t\t\t\t<\/div>\n\t\t\t\t<\/div>\n\t\t\t\t\t<\/div>\n\t\t<\/div>\n\t\t\t\t\t\t\t<\/div>\n\t\t<\/section>\n\t\t\t\t<section class=\"elementor-section elementor-top-section elementor-element elementor-element-e8e4084 elementor-section-boxed elementor-section-height-default elementor-section-height-default\" data-id=\"e8e4084\" data-element_type=\"section\">\n\t\t\t\t\t\t<div class=\"elementor-container elementor-column-gap-default\">\n\t\t\t\t\t<div class=\"elementor-column elementor-col-50 elementor-top-column elementor-element elementor-element-0ecbeb1\" data-id=\"0ecbeb1\" data-element_type=\"column\">\n\t\t\t<div class=\"elementor-widget-wrap elementor-element-populated\">\n\t\t\t\t\t\t\t\t<div class=\"elementor-element elementor-element-6ff5db1 elementor-widget elementor-widget-image\" data-id=\"6ff5db1\" data-element_type=\"widget\" data-widget_type=\"image.default\">\n\t\t\t\t<div class=\"elementor-widget-container\">\n\t\t\t\t\t\t\t\t\t\t\t\t\t\t\t<img width=\"350\" height=\"263\" src=\"https:\/\/www.sarracenia.pl\/wp-content\/uploads\/2021\/06\/hist-7.jpg\" class=\"attachment-large size-large\" alt=\"\" loading=\"lazy\" srcset=\"https:\/\/www.sarracenia.pl\/wp-content\/uploads\/2021\/06\/hist-7.jpg 350w, https:\/\/www.sarracenia.pl\/wp-content\/uploads\/2021\/06\/hist-7-300x225.jpg 300w, https:\/\/www.sarracenia.pl\/wp-content\/uploads\/2021\/06\/hist-7-16x12.jpg 16w\" sizes=\"(max-width: 350px) 100vw, 350px\" \/>\t\t\t\t\t\t\t\t\t\t\t\t\t\t\t<\/div>\n\t\t\t\t<\/div>\n\t\t\t\t<div class=\"elementor-element elementor-element-2184c2e elementor-widget elementor-widget-spacer\" data-id=\"2184c2e\" data-element_type=\"widget\" data-widget_type=\"spacer.default\">\n\t\t\t\t<div class=\"elementor-widget-container\">\n\t\t\t\t\t<div class=\"elementor-spacer\">\n\t\t\t<div class=\"elementor-spacer-inner\"><\/div>\n\t\t<\/div>\n\t\t\t\t<\/div>\n\t\t\t\t<\/div>\n\t\t\t\t<div class=\"elementor-element elementor-element-3435f90 elementor-widget elementor-widget-text-editor\" data-id=\"3435f90\" data-element_type=\"widget\" data-widget_type=\"text-editor.default\">\n\t\t\t\t<div class=\"elementor-widget-container\">\n\t\t\t\t\t\t\t<p>From February 3, 2004, we have another dog with us \u2013 Matilda, kundelek from the shelter. Our labradors welcomed her into the pack with joy.<\/p>\t\t\t\t\t\t<\/div>\n\t\t\t\t<\/div>\n\t\t\t\t\t<\/div>\n\t\t<\/div>\n\t\t\t\t<div class=\"elementor-column elementor-col-50 elementor-top-column elementor-element elementor-element-9b7b20e\" data-id=\"9b7b20e\" data-element_type=\"column\">\n\t\t\t<div class=\"elementor-widget-wrap elementor-element-populated\">\n\t\t\t\t\t\t\t\t<div class=\"elementor-element elementor-element-932d667 elementor-widget elementor-widget-text-editor\" data-id=\"932d667\" data-element_type=\"widget\" data-widget_type=\"text-editor.default\">\n\t\t\t\t<div class=\"elementor-widget-container\">\n\t\t\t\t\t\t\t<p>Goat&#039;s milk for odchowie of large litters is irreplaceable. And we, not we, trampled in the season with milk and cheese of our own production, which in no way resemble what is called goat&#039;s cheese and milk, offered in stores.<\/p>\t\t\t\t\t\t<\/div>\n\t\t\t\t<\/div>\n\t\t\t\t<div class=\"elementor-element elementor-element-5b65d4a elementor-widget elementor-widget-spacer\" data-id=\"5b65d4a\" data-element_type=\"widget\" data-widget_type=\"spacer.default\">\n\t\t\t\t<div class=\"elementor-widget-container\">\n\t\t\t\t\t<div class=\"elementor-spacer\">\n\t\t\t<div class=\"elementor-spacer-inner\"><\/div>\n\t\t<\/div>\n\t\t\t\t<\/div>\n\t\t\t\t<\/div>\n\t\t\t\t<div class=\"elementor-element elementor-element-64e1a95 elementor-widget elementor-widget-image\" data-id=\"64e1a95\" data-element_type=\"widget\" data-widget_type=\"image.default\">\n\t\t\t\t<div class=\"elementor-widget-container\">\n\t\t\t\t\t\t\t\t\t\t\t\t\t\t\t<img width=\"178\" height=\"263\" src=\"https:\/\/www.sarracenia.pl\/wp-content\/uploads\/2021\/06\/hist-8.jpg\" class=\"attachment-large size-large\" alt=\"\" loading=\"lazy\" srcset=\"https:\/\/www.sarracenia.pl\/wp-content\/uploads\/2021\/06\/hist-8.jpg 178w, https:\/\/www.sarracenia.pl\/wp-content\/uploads\/2021\/06\/hist-8-8x12.jpg 8w\" sizes=\"(max-width: 178px) 100vw, 178px\" \/>\t\t\t\t\t\t\t\t\t\t\t\t\t\t\t<\/div>\n\t\t\t\t<\/div>\n\t\t\t\t\t<\/div>\n\t\t<\/div>\n\t\t\t\t\t\t\t<\/div>\n\t\t<\/section>\n\t\t\t\t<section class=\"elementor-section elementor-top-section elementor-element elementor-element-e379a88 elementor-section-boxed elementor-section-height-default elementor-section-height-default\" data-id=\"e379a88\" data-element_type=\"section\">\n\t\t\t\t\t\t<div class=\"elementor-container elementor-column-gap-default\">\n\t\t\t\t\t<div class=\"elementor-column elementor-col-100 elementor-top-column elementor-element elementor-element-947c9a3\" data-id=\"947c9a3\" data-element_type=\"column\">\n\t\t\t<div class=\"elementor-widget-wrap elementor-element-populated\">\n\t\t\t\t\t\t\t\t<div class=\"elementor-element elementor-element-19d368d elementor-widget elementor-widget-gallery\" data-id=\"19d368d\" data-element_type=\"widget\" data-settings=\"{&quot;columns&quot;:3,&quot;aspect_ratio&quot;:&quot;1:1&quot;,&quot;lazyload&quot;:&quot;yes&quot;,&quot;gallery_layout&quot;:&quot;grid&quot;,&quot;columns_tablet&quot;:2,&quot;columns_mobile&quot;:1,&quot;gap&quot;:{&quot;unit&quot;:&quot;px&quot;,&quot;size&quot;:10,&quot;sizes&quot;:[]},&quot;gap_tablet&quot;:{&quot;unit&quot;:&quot;px&quot;,&quot;size&quot;:10,&quot;sizes&quot;:[]},&quot;gap_mobile&quot;:{&quot;unit&quot;:&quot;px&quot;,&quot;size&quot;:10,&quot;sizes&quot;:[]},&quot;overlay_background&quot;:&quot;yes&quot;,&quot;content_hover_animation&quot;:&quot;fade-in&quot;}\" data-widget_type=\"gallery.default\">\n\t\t\t\t<div class=\"elementor-widget-container\">\n\t\t\t\t\t<div class=\"elementor-gallery__container\">\n\t\t\t\t\t\t\t<div class=\"e-gallery-item elementor-gallery-item elementor-animated-content\">\n\t\t\t\t\t<div class=\"e-gallery-image elementor-gallery-item__image\" data-thumbnail=\"https:\/\/www.sarracenia.pl\/wp-content\/uploads\/2021\/06\/agnieszka-1.jpg\" data-width=\"256\" data-height=\"263\" alt=\"\" ><\/div>\n\t\t\t\t\t\t\t\t\t\t<div class=\"elementor-gallery-item__overlay\"><\/div>\n\t\t\t\t\t\t\t\t\t\t\t\t\t\t<\/div>\n\t\t\t\t\t\t\t<div class=\"e-gallery-item elementor-gallery-item elementor-animated-content\">\n\t\t\t\t\t<div class=\"e-gallery-image elementor-gallery-item__image\" data-thumbnail=\"https:\/\/www.sarracenia.pl\/wp-content\/uploads\/2021\/06\/agnieszka-3.jpg\" data-width=\"253\" data-height=\"263\" alt=\"\" ><\/div>\n\t\t\t\t\t\t\t\t\t\t<div class=\"elementor-gallery-item__overlay\"><\/div>\n\t\t\t\t\t\t\t\t\t\t\t\t\t\t<\/div>\n\t\t\t\t\t\t\t<div class=\"e-gallery-item elementor-gallery-item elementor-animated-content\">\n\t\t\t\t\t<div class=\"e-gallery-image elementor-gallery-item__image\" data-thumbnail=\"https:\/\/www.sarracenia.pl\/wp-content\/uploads\/2021\/06\/agnieszka-2.jpg\" data-width=\"183\" data-height=\"263\" alt=\"\" ><\/div>\n\t\t\t\t\t\t\t\t\t\t<div class=\"elementor-gallery-item__overlay\"><\/div>\n\t\t\t\t\t\t\t\t\t\t\t\t\t\t<\/div>\n\t\t\t\t\t<\/div>\n\t\t\t<\/div>\n\t\t\t\t<\/div>\n\t\t\t\t\t<\/div>\n\t\t<\/div>\n\t\t\t\t\t\t\t<\/div>\n\t\t<\/section>\n\t\t\t\t<section class=\"elementor-section elementor-top-section elementor-element elementor-element-fe57048 elementor-section-boxed elementor-section-height-default elementor-section-height-default\" data-id=\"fe57048\" data-element_type=\"section\">\n\t\t\t\t\t\t<div class=\"elementor-container elementor-column-gap-default\">\n\t\t\t\t\t<div class=\"elementor-column elementor-col-50 elementor-top-column elementor-element elementor-element-c93d27a\" data-id=\"c93d27a\" data-element_type=\"column\">\n\t\t\t<div class=\"elementor-widget-wrap elementor-element-populated\">\n\t\t\t\t\t\t\t\t<div class=\"elementor-element elementor-element-c48debe elementor-widget elementor-widget-image\" data-id=\"c48debe\" data-element_type=\"widget\" data-widget_type=\"image.default\">\n\t\t\t\t<div class=\"elementor-widget-container\">\n\t\t\t\t\t\t\t\t\t\t\t\t\t\t\t<img width=\"161\" height=\"200\" src=\"https:\/\/www.sarracenia.pl\/wp-content\/uploads\/2021\/06\/agnieszka.jpg\" class=\"attachment-large size-large\" alt=\"\" loading=\"lazy\" srcset=\"https:\/\/www.sarracenia.pl\/wp-content\/uploads\/2021\/06\/agnieszka.jpg 161w, https:\/\/www.sarracenia.pl\/wp-content\/uploads\/2021\/06\/agnieszka-10x12.jpg 10w\" sizes=\"(max-width: 161px) 100vw, 161px\" \/>\t\t\t\t\t\t\t\t\t\t\t\t\t\t\t<\/div>\n\t\t\t\t<\/div>\n\t\t\t\t<div class=\"elementor-element elementor-element-6929eac elementor-widget elementor-widget-spacer\" data-id=\"6929eac\" data-element_type=\"widget\" data-widget_type=\"spacer.default\">\n\t\t\t\t<div class=\"elementor-widget-container\">\n\t\t\t\t\t<div class=\"elementor-spacer\">\n\t\t\t<div class=\"elementor-spacer-inner\"><\/div>\n\t\t<\/div>\n\t\t\t\t<\/div>\n\t\t\t\t<\/div>\n\t\t\t\t<div class=\"elementor-element elementor-element-b6a0203 elementor-widget elementor-widget-text-editor\" data-id=\"b6a0203\" data-element_type=\"widget\" data-widget_type=\"text-editor.default\">\n\t\t\t\t<div class=\"elementor-widget-container\">\n\t\t\t\t\t\t\t<p>On October 31, 2007, BUBU ( TARANTELLA Ensemble) left at the age of 13.5 )<\/p>\t\t\t\t\t\t<\/div>\n\t\t\t\t<\/div>\n\t\t\t\t\t<\/div>\n\t\t<\/div>\n\t\t\t\t<div class=\"elementor-column elementor-col-50 elementor-top-column elementor-element elementor-element-418b333\" data-id=\"418b333\" data-element_type=\"column\">\n\t\t\t<div class=\"elementor-widget-wrap elementor-element-populated\">\n\t\t\t\t\t\t\t\t<div class=\"elementor-element elementor-element-85074ce elementor-widget elementor-widget-text-editor\" data-id=\"85074ce\" data-element_type=\"widget\" data-widget_type=\"text-editor.default\">\n\t\t\t\t<div class=\"elementor-widget-container\">\n\t\t\t\t\t\t\t<p>On September 16, 2006, Agnieszka left Sarraceni\u0119.<\/p><p>God willing, maybe. ever continue,,,<\/p>\t\t\t\t\t\t<\/div>\n\t\t\t\t<\/div>\n\t\t\t\t<div class=\"elementor-element elementor-element-17eea9a elementor-widget elementor-widget-spacer\" data-id=\"17eea9a\" data-element_type=\"widget\" data-widget_type=\"spacer.default\">\n\t\t\t\t<div class=\"elementor-widget-container\">\n\t\t\t\t\t<div class=\"elementor-spacer\">\n\t\t\t<div class=\"elementor-spacer-inner\"><\/div>\n\t\t<\/div>\n\t\t\t\t<\/div>\n\t\t\t\t<\/div>\n\t\t\t\t<div class=\"elementor-element elementor-element-5e65e59 elementor-widget elementor-widget-image\" data-id=\"5e65e59\" data-element_type=\"widget\" data-widget_type=\"image.default\">\n\t\t\t\t<div class=\"elementor-widget-container\">\n\t\t\t\t\t\t\t\t\t\t\t\t\t\t\t<img width=\"351\" height=\"263\" src=\"https:\/\/www.sarracenia.pl\/wp-content\/uploads\/2021\/06\/bubu.jpg\" class=\"attachment-large size-large\" alt=\"\" loading=\"lazy\" srcset=\"https:\/\/www.sarracenia.pl\/wp-content\/uploads\/2021\/06\/bubu.jpg 351w, https:\/\/www.sarracenia.pl\/wp-content\/uploads\/2021\/06\/bubu-300x225.jpg 300w, https:\/\/www.sarracenia.pl\/wp-content\/uploads\/2021\/06\/bubu-16x12.jpg 16w\" sizes=\"(max-width: 351px) 100vw, 351px\" \/>\t\t\t\t\t\t\t\t\t\t\t\t\t\t\t<\/div>\n\t\t\t\t<\/div>\n\t\t\t\t\t<\/div>\n\t\t<\/div>\n\t\t\t\t\t\t\t<\/div>\n\t\t<\/section>\n\t\t\t\t\t\t\t<\/div>","protected":false},"excerpt":{"rendered":"<p>Historia Pozna\u0142y nas bulteriery Wiosn\u0105 1994 roku Bubu zgin\u0119\u0142a w wypadku. Jej miejsce zaj\u0119\u0142a m\u0142oda bulterierka TARANTELLA Ansambl, kt\u00f3r\u0105 te\u017c nazwali\u015bmy Bubu. W mi\u0119dzyczasie przyjecha\u0142 do naszego domu terier szkocki EGON Breneka (dla nas Fred). W 1992 roku b\u0119d\u0105c jeszcze na V roku studi\u00f3w (AR w Poznaniu) kupi\u0142am trzykolorow\u0105 bulterierk\u0119 Kajd\u0119 (ARNA Hebereks). By\u0142 to [&hellip;]<\/p>","protected":false},"author":1,"featured_media":0,"parent":0,"menu_order":0,"comment_status":"closed","ping_status":"closed","template":"","meta":[],"_links":{"self":[{"href":"https:\/\/www.sarracenia.pl\/en\/wp-json\/wp\/v2\/pages\/122"}],"collection":[{"href":"https:\/\/www.sarracenia.pl\/en\/wp-json\/wp\/v2\/pages"}],"about":[{"href":"https:\/\/www.sarracenia.pl\/en\/wp-json\/wp\/v2\/types\/page"}],"author":[{"embeddable":true,"href":"https:\/\/www.sarracenia.pl\/en\/wp-json\/wp\/v2\/users\/1"}],"replies":[{"embeddable":true,"href":"https:\/\/www.sarracenia.pl\/en\/wp-json\/wp\/v2\/comments?post=122"}],"version-history":[{"count":22,"href":"https:\/\/www.sarracenia.pl\/en\/wp-json\/wp\/v2\/pages\/122\/revisions"}],"predecessor-version":[{"id":806,"href":"https:\/\/www.sarracenia.pl\/en\/wp-json\/wp\/v2\/pages\/122\/revisions\/806"}],"wp:attachment":[{"href":"https:\/\/www.sarracenia.pl\/en\/wp-json\/wp\/v2\/media?parent=122"}],"curies":[{"name":"wp","href":"https:\/\/api.w.org\/{rel}","templated":true}]}}