{"id":2039,"date":"2021-07-07T08:49:01","date_gmt":"2021-07-07T08:49:01","guid":{"rendered":"https:\/\/dev.markme.pl\/sarracenia\/?page_id=2039"},"modified":"2021-07-07T08:49:01","modified_gmt":"2021-07-07T08:49:01","slug":"krajowa-wystawa-psow-rasowych-w-toruniu","status":"publish","type":"page","link":"https:\/\/www.sarracenia.pl\/en\/krajowa-wystawa-psow-rasowych-w-toruniu\/","title":{"rendered":"Krajowa Wystawa Ps\u00f3w Rasowych w Toruniu"},"content":{"rendered":"<p><strong><span style=\"color:#828384\" class=\"has-inline-color\">HELLO IT&#8217;S ME Sarracenia<\/span><\/strong> &#8211; <span class=\"has-inline-color has-vivid-red-color\">BEST MALE &amp; BOB ( Zwyci\u0119zca Rasy) &amp; BOG4<\/span><\/p>\n\n\n\n<p class=\"has-text-color\" style=\"color:#757778\">Wielkie podzi\u0119kowania dla Pana S\u0119dziego , S\u0142awomira Sztula \ud83d\ude42 <\/p>\n\n\n\n<figure class=\"wp-block-image size-large\"><img loading=\"lazy\" width=\"800\" height=\"505\" src=\"https:\/\/www.sarracenia.pl\/wp-content\/uploads\/2021\/07\/HELLO_ITS_ME_SARRACENIA_2.jpg\" alt=\"\" class=\"wp-image-2040\" srcset=\"https:\/\/www.sarracenia.pl\/wp-content\/uploads\/2021\/07\/HELLO_ITS_ME_SARRACENIA_2.jpg 800w, https:\/\/www.sarracenia.pl\/wp-content\/uploads\/2021\/07\/HELLO_ITS_ME_SARRACENIA_2-300x189.jpg 300w, https:\/\/www.sarracenia.pl\/wp-content\/uploads\/2021\/07\/HELLO_ITS_ME_SARRACENIA_2-768x485.jpg 768w, https:\/\/www.sarracenia.pl\/wp-content\/uploads\/2021\/07\/HELLO_ITS_ME_SARRACENIA_2-16x10.jpg 16w\" sizes=\"(max-width: 800px) 100vw, 800px\" \/><figcaption>HELLO IT&#8217;S ME Sarracenia &#8222;Bonus&#8221; &#8211; Zwyci\u0119zca Rasy (BOB) &#8211; s\u0119dzia S\u0142awomir Sztul <\/figcaption><\/figure>\n\n\n\n<div class=\"wp-block-image\"><figure class=\"aligncenter size-large\"><img loading=\"lazy\" width=\"400\" height=\"26\" src=\"https:\/\/www.sarracenia.pl\/wp-content\/uploads\/2021\/07\/linia.png\" alt=\"\" class=\"wp-image-1049\" srcset=\"https:\/\/www.sarracenia.pl\/wp-content\/uploads\/2021\/07\/linia.png 400w, https:\/\/www.sarracenia.pl\/wp-content\/uploads\/2021\/07\/linia-300x20.png 300w, https:\/\/www.sarracenia.pl\/wp-content\/uploads\/2021\/07\/linia-16x1.png 16w\" sizes=\"(max-width: 400px) 100vw, 400px\" \/><\/figure><\/div>\n\n\n\n<figure class=\"wp-block-image size-large\"><img loading=\"lazy\" width=\"800\" height=\"585\" src=\"https:\/\/www.sarracenia.pl\/wp-content\/uploads\/2021\/07\/HELLO_ITS_ME_SARRACENIA_4.jpg\" alt=\"\" class=\"wp-image-2041\" srcset=\"https:\/\/www.sarracenia.pl\/wp-content\/uploads\/2021\/07\/HELLO_ITS_ME_SARRACENIA_4.jpg 800w, https:\/\/www.sarracenia.pl\/wp-content\/uploads\/2021\/07\/HELLO_ITS_ME_SARRACENIA_4-300x219.jpg 300w, https:\/\/www.sarracenia.pl\/wp-content\/uploads\/2021\/07\/HELLO_ITS_ME_SARRACENIA_4-768x562.jpg 768w, https:\/\/www.sarracenia.pl\/wp-content\/uploads\/2021\/07\/HELLO_ITS_ME_SARRACENIA_4-16x12.jpg 16w\" sizes=\"(max-width: 800px) 100vw, 800px\" \/><figcaption>HELLO IT&#8217;S ME Sarracenia &#8222;Bonus&#8221; &#8211; Zwyci\u0119zca Rasy (BOB) &#8211; s\u0119dzia S\u0142awomir Sztul<\/figcaption><\/figure>\n\n\n\n<div class=\"wp-block-image\"><figure class=\"aligncenter size-large\"><img loading=\"lazy\" width=\"400\" height=\"26\" src=\"https:\/\/www.sarracenia.pl\/wp-content\/uploads\/2021\/07\/linia.png\" alt=\"\" class=\"wp-image-1049\" srcset=\"https:\/\/www.sarracenia.pl\/wp-content\/uploads\/2021\/07\/linia.png 400w, https:\/\/www.sarracenia.pl\/wp-content\/uploads\/2021\/07\/linia-300x20.png 300w, https:\/\/www.sarracenia.pl\/wp-content\/uploads\/2021\/07\/linia-16x1.png 16w\" sizes=\"(max-width: 400px) 100vw, 400px\" \/><\/figure><\/div>\n\n\n\n<figure class=\"wp-block-image size-large\"><img loading=\"lazy\" width=\"800\" height=\"592\" src=\"https:\/\/www.sarracenia.pl\/wp-content\/uploads\/2021\/07\/HELLO_ITS_ME_SARRACENIA_1.jpg\" alt=\"\" class=\"wp-image-2042\" srcset=\"https:\/\/www.sarracenia.pl\/wp-content\/uploads\/2021\/07\/HELLO_ITS_ME_SARRACENIA_1.jpg 800w, https:\/\/www.sarracenia.pl\/wp-content\/uploads\/2021\/07\/HELLO_ITS_ME_SARRACENIA_1-300x222.jpg 300w, https:\/\/www.sarracenia.pl\/wp-content\/uploads\/2021\/07\/HELLO_ITS_ME_SARRACENIA_1-768x568.jpg 768w, https:\/\/www.sarracenia.pl\/wp-content\/uploads\/2021\/07\/HELLO_ITS_ME_SARRACENIA_1-16x12.jpg 16w\" sizes=\"(max-width: 800px) 100vw, 800px\" \/><figcaption>HELLO IT&#8217;S ME Sarracenia &#8222;Bonus&#8221; &#8211; Zwyci\u0119zca Rasy (BOB) &#8211; s\u0119dzia S\u0142awomir Sztul<\/figcaption><\/figure>\n\n\n\n<div class=\"wp-block-image\"><figure class=\"aligncenter size-large\"><img loading=\"lazy\" width=\"400\" height=\"26\" src=\"https:\/\/www.sarracenia.pl\/wp-content\/uploads\/2021\/07\/linia.png\" alt=\"\" class=\"wp-image-1049\" srcset=\"https:\/\/www.sarracenia.pl\/wp-content\/uploads\/2021\/07\/linia.png 400w, https:\/\/www.sarracenia.pl\/wp-content\/uploads\/2021\/07\/linia-300x20.png 300w, https:\/\/www.sarracenia.pl\/wp-content\/uploads\/2021\/07\/linia-16x1.png 16w\" sizes=\"(max-width: 400px) 100vw, 400px\" \/><\/figure><\/div>\n\n\n\n<figure class=\"wp-block-image size-large\"><img loading=\"lazy\" width=\"800\" height=\"524\" src=\"https:\/\/www.sarracenia.pl\/wp-content\/uploads\/2021\/07\/HELLO_ITS_ME_SARRACENIA_5.jpg\" alt=\"\" class=\"wp-image-2043\" srcset=\"https:\/\/www.sarracenia.pl\/wp-content\/uploads\/2021\/07\/HELLO_ITS_ME_SARRACENIA_5.jpg 800w, https:\/\/www.sarracenia.pl\/wp-content\/uploads\/2021\/07\/HELLO_ITS_ME_SARRACENIA_5-300x197.jpg 300w, https:\/\/www.sarracenia.pl\/wp-content\/uploads\/2021\/07\/HELLO_ITS_ME_SARRACENIA_5-768x503.jpg 768w, https:\/\/www.sarracenia.pl\/wp-content\/uploads\/2021\/07\/HELLO_ITS_ME_SARRACENIA_5-16x10.jpg 16w\" sizes=\"(max-width: 800px) 100vw, 800px\" \/><figcaption>HELLO IT&#8217;S ME Sarracenia &#8222;Bonus&#8221; &#8211; Zwyci\u0119zca Rasy (BOB) &amp; BOG4 &#8211; s\u0119dzia S\u0142awomir Sztul<\/figcaption><\/figure>\n\n\n\n<div class=\"wp-block-image\"><figure class=\"aligncenter size-large\"><img loading=\"lazy\" width=\"400\" height=\"26\" src=\"https:\/\/www.sarracenia.pl\/wp-content\/uploads\/2021\/07\/linia.png\" alt=\"\" class=\"wp-image-1049\" srcset=\"https:\/\/www.sarracenia.pl\/wp-content\/uploads\/2021\/07\/linia.png 400w, https:\/\/www.sarracenia.pl\/wp-content\/uploads\/2021\/07\/linia-300x20.png 300w, https:\/\/www.sarracenia.pl\/wp-content\/uploads\/2021\/07\/linia-16x1.png 16w\" sizes=\"(max-width: 400px) 100vw, 400px\" \/><\/figure><\/div>\n\n\n\n<figure class=\"wp-block-image size-large\"><img loading=\"lazy\" width=\"800\" height=\"600\" src=\"https:\/\/www.sarracenia.pl\/wp-content\/uploads\/2021\/07\/HELLO_ITS_ME_SARRACENIA_3.jpg\" alt=\"\" class=\"wp-image-2044\" srcset=\"https:\/\/www.sarracenia.pl\/wp-content\/uploads\/2021\/07\/HELLO_ITS_ME_SARRACENIA_3.jpg 800w, https:\/\/www.sarracenia.pl\/wp-content\/uploads\/2021\/07\/HELLO_ITS_ME_SARRACENIA_3-300x225.jpg 300w, https:\/\/www.sarracenia.pl\/wp-content\/uploads\/2021\/07\/HELLO_ITS_ME_SARRACENIA_3-768x576.jpg 768w, https:\/\/www.sarracenia.pl\/wp-content\/uploads\/2021\/07\/HELLO_ITS_ME_SARRACENIA_3-16x12.jpg 16w\" sizes=\"(max-width: 800px) 100vw, 800px\" \/><figcaption>HELLO IT&#8217;S ME Sarracenia &#8222;Bonus&#8221; &#8211; Zwyci\u0119zca Rasy (BOB) &amp; BOG4 &#8211; s\u0119dzia S\u0142awomir Sztul<\/figcaption><\/figure>","protected":false},"excerpt":{"rendered":"<p>HELLO IT&#8217;S ME Sarracenia &#8211; BEST MALE &amp; BOB ( Zwyci\u0119zca Rasy) &amp; BOG4 Wielkie podzi\u0119kowania dla Pana S\u0119dziego , S\u0142awomira Sztula \ud83d\ude42<\/p>","protected":false},"author":2,"featured_media":2040,"parent":0,"menu_order":0,"comment_status":"closed","ping_status":"closed","template":"","meta":[],"_links":{"self":[{"href":"https:\/\/www.sarracenia.pl\/en\/wp-json\/wp\/v2\/pages\/2039"}],"collection":[{"href":"https:\/\/www.sarracenia.pl\/en\/wp-json\/wp\/v2\/pages"}],"about":[{"href":"https:\/\/www.sarracenia.pl\/en\/wp-json\/wp\/v2\/types\/page"}],"author":[{"embeddable":true,"href":"https:\/\/www.sarracenia.pl\/en\/wp-json\/wp\/v2\/users\/2"}],"replies":[{"embeddable":true,"href":"https:\/\/www.sarracenia.pl\/en\/wp-json\/wp\/v2\/comments?post=2039"}],"version-history":[{"count":1,"href":"https:\/\/www.sarracenia.pl\/en\/wp-json\/wp\/v2\/pages\/2039\/revisions"}],"predecessor-version":[{"id":2045,"href":"https:\/\/www.sarracenia.pl\/en\/wp-json\/wp\/v2\/pages\/2039\/revisions\/2045"}],"wp:featuredmedia":[{"embeddable":true,"href":"https:\/\/www.sarracenia.pl\/en\/wp-json\/wp\/v2\/media\/2040"}],"wp:attachment":[{"href":"https:\/\/www.sarracenia.pl\/en\/wp-json\/wp\/v2\/media?parent=2039"}],"curies":[{"name":"wp","href":"https:\/\/api.w.org\/{rel}","templated":true}]}}